{"id":2567,"date":"2014-09-13T20:43:17","date_gmt":"2014-09-13T20:43:17","guid":{"rendered":"http:\/\/paulinaortiz.com\/wp\/?page_id=2567"},"modified":"2015-11-18T19:35:45","modified_gmt":"2015-11-18T19:35:45","slug":"intro-_-paulina-ortiz","status":"publish","type":"page","link":"https:\/\/paulinaortiz.com\/es\/","title":{"rendered":"Inicio"},"content":{"rendered":"<p><div class=\"section-full-width section-dark parallax-fixed\" style=\"background-color:#f5f5f5;\" id=\"section-1\"><div class=\"section-boxed\" style=\"color:#3b3b3b;\"><\/p>\n<h4 style=\"text-align: right;\"><span style=\"color: #333333;\">\u00abMis ideas provienen de los mundos por los que transito, el intuitivo y\u00a0emocional producto de la contemplaci\u00f3n de la naturaleza por la que camino\u00a0y el racional m\u00e1s estructurado de nuestra urbe, activa y excitante llena de\u00a0enormes desaf\u00edos.\u00bb<br \/>\n-Paulina Ortiz<\/span><\/h4>\n<p><span style=\"color: #333333;\">\u00a0<\/span><\/p>\n<p>\n<\/div><\/div><\/p>\n<div class=\"nivo-content\"><div class=\"nivo-wrapper\"><div class=\"nivo-slider\" id=\"nivo-slider-25671\" style=\"min-height:600px;\"><a href=\"http:\/\/paulinaortiz.com\/es\/portfolio\/espanol-coleccion-mangroove\/\"><img decoding=\"async\" src=\"http:\/\/paulinaortiz.com\/wp-content\/uploads\/2015\/01\/fade101.jpg\" title=\"Suite El Mangle, Hotel el Mangroove\" alt=\"\" \/><\/a><a href=\"http:\/\/paulinaortiz.com\/es\/portfolio\/del-bosque-al-interior\/\"><img decoding=\"async\" src=\"http:\/\/paulinaortiz.com\/wp-content\/uploads\/2015\/01\/fade81.jpg\" title=\"Oficentro Plaza Tempo\" alt=\"\" \/><\/a><a href=\"http:\/\/paulinaortiz.com\/es\/portfolio\/huellas-del-silencia-ii\/\"><img decoding=\"async\" src=\"http:\/\/paulinaortiz.com\/wp-content\/uploads\/2015\/01\/fade52.jpg\" title=\"SPA, Hotel Four Seasons\" alt=\"\" \/><\/a><a href=\"http:\/\/paulinaortiz.com\/es\/portfolio\/sotobosque-en-verde\/\"><img decoding=\"async\" src=\"http:\/\/paulinaortiz.com\/wp-content\/uploads\/2015\/01\/fade11.jpg\" title=\"Lobby, Hotel Holliday Inn\" alt=\"\" \/><\/a><\/div><\/div><\/div>\n<div class=\"portfolio-carousel pc-spacing pc-effect-zoom pc-effect-overlay\"><div class=\"pc-header\"><div class=\"carousel-title\"> <h4 class=\"small-title\">Arte<\/h4><\/div><\/div><div class=\"pc-wrapper\"><div class=\"pc-holder\"><div class=\"pc-page-wrapper\"><div class=\"pc-item\" data-defwidth=\"396\" data-type=\"smallslider\" data-itemid=\"3948\"><a href=\"https:\/\/paulinaortiz.com\/es\/portfolio\/espanol-mural-m-c\/\" title=\"Mural A.C.\"><div class=\"pg-img-wrapper\"><span class=\"icon-circle\"><span class=\"pg-icon smallslider-icon\"><\/span><\/span><img decoding=\"async\" src=\"https:\/\/paulinaortiz.com\/wp-content\/uploads\/2015\/05\/Arte-MC-SW-586x455.jpg\" alt=\"Mural A.C.\"\/><\/div><div class=\"pg-info\"><div class=\"pg-details\"><h2>Mural A.C.<\/h2><span class=\"pg-categories\">Arte \/ Papel<\/span><\/div><\/div><\/a><\/div><div class=\"pc-item\" data-defwidth=\"396\" data-type=\"smallslider\" data-itemid=\"3038\"><a href=\"https:\/\/paulinaortiz.com\/es\/portfolio\/poas\/\" title=\"Al fin pasaron los nublados del d\u00eda...\"><div class=\"pg-img-wrapper\"><span class=\"icon-circle\"><span class=\"pg-icon smallslider-icon\"><\/span><\/span><img decoding=\"async\" src=\"https:\/\/paulinaortiz.com\/wp-content\/uploads\/2015\/02\/Valoarte-SW-1-586x455.jpg\" alt=\"Al fin pasaron los nublados del d\u00eda...\"\/><\/div><div class=\"pg-info\"><div class=\"pg-details\"><h2>Al fin pasaron los nublados del d\u00eda...<\/h2><span class=\"pg-categories\">Arte \/ Papel<\/span><\/div><\/div><\/a><\/div><\/div><div class=\"pc-page-wrapper\"><div class=\"pc-item\" data-defwidth=\"396\" data-type=\"smallslider\" data-itemid=\"3024\"><a href=\"https:\/\/paulinaortiz.com\/es\/portfolio\/del-bosque-al-interior\/\" title=\"Del BOSQ - al INT\"><div class=\"pg-img-wrapper\"><span class=\"icon-circle\"><span class=\"pg-icon smallslider-icon\"><\/span><\/span><img decoding=\"async\" src=\"https:\/\/paulinaortiz.com\/wp-content\/uploads\/2015\/02\/Delbosque-SW-5-586x455.jpg\" alt=\"Del BOSQ - al INT\"\/><\/div><div class=\"pg-info\"><div class=\"pg-details\"><h2>Del BOSQ - al INT<\/h2><span class=\"pg-categories\">Arte \/ Papel<\/span><\/div><\/div><\/a><\/div><div class=\"pc-item\" data-defwidth=\"396\" data-type=\"smallslider\" data-itemid=\"3032\"><a href=\"https:\/\/paulinaortiz.com\/es\/portfolio\/del-ext-al-int\/\" title=\"Del EXT - al INT\"><div class=\"pg-img-wrapper\"><span class=\"icon-circle\"><span class=\"pg-icon smallslider-icon\"><\/span><\/span><img decoding=\"async\" src=\"https:\/\/paulinaortiz.com\/wp-content\/uploads\/2015\/02\/Delext-SW-2-586x455.jpg\" alt=\"Del EXT - al INT\"\/><\/div><div class=\"pg-info\"><div class=\"pg-details\"><h2>Del EXT - al INT<\/h2><span class=\"pg-categories\">Arte \/ Papel<\/span><\/div><\/div><\/a><\/div><\/div><div class=\"pc-page-wrapper\"><div class=\"pc-item\" data-defwidth=\"396\" data-type=\"smallslider\" data-itemid=\"3416\"><a href=\"https:\/\/paulinaortiz.com\/es\/portfolio\/espanol-esperanza-concepcion-y-alegria\/\" title=\"Esperanza, concepci\u00f3n y alegr\u00eda\"><div class=\"pg-img-wrapper\"><span class=\"icon-circle\"><span class=\"pg-icon smallslider-icon\"><\/span><\/span><img decoding=\"async\" src=\"https:\/\/paulinaortiz.com\/wp-content\/uploads\/2015\/03\/Esperanza-SW-2-586x455.jpg\" alt=\"Esperanza, concepci\u00f3n y alegr\u00eda\"\/><\/div><div class=\"pg-info\"><div class=\"pg-details\"><h2>Esperanza, concepci\u00f3n y alegr\u00eda<\/h2><span class=\"pg-categories\">Arte \/ Papel<\/span><\/div><\/div><\/a><\/div><\/div><\/div><\/div><div class=\"clear\"><\/div><a class=\"link-title\" href=\"http:\/\/paulinaortiz.com\/arte\">M\u00e1s proyectos<span class=\"more-arrow\">&rsaquo;<\/span><\/a><div class=\"clear\"><\/div><\/div>\n<div class=\"portfolio-carousel pc-spacing pc-effect-zoom pc-effect-overlay\"><div class=\"pc-header\"><div class=\"carousel-title\"> <h4 class=\"small-title\">Dise\u00f1o<\/h4><\/div><\/div><div class=\"pc-wrapper\"><div class=\"pc-holder\"><div class=\"pc-page-wrapper\"><div class=\"pc-item\" data-defwidth=\"396\" data-type=\"smallslider\" data-itemid=\"3790\"><a href=\"https:\/\/paulinaortiz.com\/es\/portfolio\/espanol-casa-del-cafe-hotel-marriott-costa-rica\/\" title=\"Casa del Caf\u00e9, Hotel Marriott Costa Rica\"><div class=\"pg-img-wrapper\"><span class=\"icon-circle\"><span class=\"pg-icon smallslider-icon\"><\/span><\/span><img decoding=\"async\" src=\"https:\/\/paulinaortiz.com\/wp-content\/uploads\/2015\/04\/Casadelcafe1-586x455.jpg\" alt=\"Casa del Caf\u00e9, Hotel Marriott Costa Rica\"\/><\/div><div class=\"pg-info\"><div class=\"pg-details\"><h2>Casa del Caf\u00e9, Hotel Marriott Costa Rica<\/h2><span class=\"pg-categories\">Dise\u00f1o \/ Luminarias<\/span><\/div><\/div><\/a><\/div><div class=\"pc-item\" data-defwidth=\"396\" data-type=\"smallslider\" data-itemid=\"3632\"><a href=\"https:\/\/paulinaortiz.com\/es\/portfolio\/espanol-proyecto-tropika-serie-autopartes\/\" title=\"Proyecto TROPIKA  \/ Serie Autopartes\"><div class=\"pg-img-wrapper\"><span class=\"icon-circle\"><span class=\"pg-icon smallslider-icon\"><\/span><\/span><img decoding=\"async\" src=\"https:\/\/paulinaortiz.com\/wp-content\/uploads\/2015\/04\/Dise\u00f1o-Autopartestropik1-586x455.jpg\" alt=\"Proyecto TROPIKA  \/ Serie Autopartes\"\/><\/div><div class=\"pg-info\"><div class=\"pg-details\"><h2>Proyecto TROPIKA  \/ Serie Autopartes<\/h2><span class=\"pg-categories\">Dise\u00f1o \/ Luminarias<\/span><\/div><\/div><\/a><\/div><\/div><div class=\"pc-page-wrapper\"><div class=\"pc-item\" data-defwidth=\"396\" data-type=\"smallslider\" data-itemid=\"3639\"><a href=\"https:\/\/paulinaortiz.com\/es\/portfolio\/espanol-proyecto-f-a\/\" title=\"Proyecto F.A.\"><div class=\"pg-img-wrapper\"><span class=\"icon-circle\"><span class=\"pg-icon smallslider-icon\"><\/span><\/span><img decoding=\"async\" src=\"https:\/\/paulinaortiz.com\/wp-content\/uploads\/2015\/04\/Dise\u00f1o-FA2-586x455.jpg\" alt=\"Proyecto F.A.\"\/><\/div><div class=\"pg-info\"><div class=\"pg-details\"><h2>Proyecto F.A.<\/h2><span class=\"pg-categories\">Dise\u00f1o \/ Luminarias<\/span><\/div><\/div><\/a><\/div><div class=\"pc-item\" data-defwidth=\"396\" data-type=\"smallslider\" data-itemid=\"3630\"><a href=\"https:\/\/paulinaortiz.com\/es\/portfolio\/espanol-tienda-hotel-el-mangroove\/\" title=\"Tienda \/ Hotel el Mangroove\"><div class=\"pg-img-wrapper\"><span class=\"icon-circle\"><span class=\"pg-icon smallslider-icon\"><\/span><\/span><img decoding=\"async\" src=\"https:\/\/paulinaortiz.com\/wp-content\/uploads\/2015\/02\/Dise\u00f1o-MANGROOVETienda2-586x455.jpg\" alt=\"Tienda \/ Hotel el Mangroove\"\/><\/div><div class=\"pg-info\"><div class=\"pg-details\"><h2>Tienda \/ Hotel el Mangroove<\/h2><span class=\"pg-categories\">Dise\u00f1o \/ Luminarias<\/span><\/div><\/div><\/a><\/div><\/div><div class=\"pc-page-wrapper\"><div class=\"pc-item\" data-defwidth=\"396\" data-type=\"smallslider\" data-itemid=\"3626\"><a href=\"https:\/\/paulinaortiz.com\/es\/portfolio\/espanol-salon-de-eventos-hotel-el-mangroove\/\" title=\"Sal\u00f3n de eventos \/ Hotel el Mangroove\"><div class=\"pg-img-wrapper\"><span class=\"icon-circle\"><span class=\"pg-icon smallslider-icon\"><\/span><\/span><img decoding=\"async\" src=\"https:\/\/paulinaortiz.com\/wp-content\/uploads\/2015\/02\/Dise\u00f1o-MANGROOVEeventos4-586x455.jpg\" alt=\"Sal\u00f3n de eventos \/ Hotel el Mangroove\"\/><\/div><div class=\"pg-info\"><div class=\"pg-details\"><h2>Sal\u00f3n de eventos \/ Hotel el Mangroove<\/h2><span class=\"pg-categories\">Dise\u00f1o \/ Luminarias<\/span><\/div><\/div><\/a><\/div><\/div><\/div><\/div><div class=\"clear\"><\/div><a class=\"link-title\" href=\"http:\/\/paulinaortiz.com\/diseno\/\">M\u00e1s proyectos<span class=\"more-arrow\">&rsaquo;<\/span><\/a><div class=\"clear\"><\/div><\/div>\n<p><div class=\"testimonial-slider\" ><div class=\"testimonial-container no-image\"><div class=\"testimonial-wrapper\"><div class=\"testimonial-info\"><div class=\"testimonials-details\"><h2>Ma. Enriqueta Guardia <\/h2><span>historiadora del arte y curadora.  2015<\/span><\/div><\/div><blockquote><p>Paulina Ortiz ha  marcado su profunda huella en la pl\u00e1stica costarricense al hacer emerger el textil de lo propiamente artesanal a la categor\u00eda de obra art\u00edstica y a su vez,  introduciendo a \u00e9ste a la contemporaneidad.  Se ha mantenido fiel al tejido propiamente dicho, desarrollando en \u00e9l las m\u00faltiples cualidades pl\u00e1sticas de las fibras naturales que ti\u00f1e y teje con t\u00e9cnicas ancestrales o incorpora a otros elementos y, uniendo t\u00e9cnicas aparentemente dis\u00edmiles logra resultados asombrosos y perfectamente integrados. Sus obras son a su vez, s\u00edmbolo y nexo con la contemporaneidad.\r\n\r\nPero adem\u00e1s Paulina es una artista que ha contribuido enormemente en la difusi\u00f3n del textil costarricense y su impronta como educadora en la rama textil va a ser indeleble.<\/p><\/blockquote><\/div><\/div><div class=\"testimonial-container no-image\"><div class=\"testimonial-wrapper\"><div class=\"testimonial-info\"><div class=\"testimonials-details\"><h2>Dra. Jessica Hemmings<\/h2><span>escritora especializada en textiles y actualmente es Profesora de Cultura Visual y Directora de la Escuela de Cultura Visual en la Escuela Nacional de Arte y Dise\u00f1o, Dublin. 2009<\/span><\/div><\/div><blockquote><p>La profesora Miranda Bruce-Mittford observa que, \u201cLa escogencia del hilo como un leitmotiv en Paulina Ortiz no es por casualidad. En el imaginario occidental el hilo representa el cord\u00f3n umbilical entre el cielo y la tierra. El cord\u00f3n es sin\u00f3nimo de obst\u00e1culo y cautiverio, pero tambi\u00e9n representa la posibilidad de la vida; es el s\u00edmbolo del destino humano.\u201d Esta observaci\u00f3n v\u00e1lida puede aplicarse a muchos trabajos hechos con materiales textiles hoy en d\u00eda. Pero tambi\u00e9n por momentos las creaciones de Ortiz se perciben conexas a tradiciones ajenas al folklore de Am\u00e9rica Central y propias de Oriente, as\u00ed como de las Moiras y sus tejedur\u00edas en Occidente. Nos viene a la mente el arte textil contempor\u00e1neo japon\u00e9s. La escala, por su parte, se comparte con el deseo de ser consumida por la instalaci\u00f3n. Empero, vemos tambi\u00e9n una atenci\u00f3n a la experiencia inmediata que busca significado a trav\u00e9s de una respuesta emocional directa a los materiales. Como resultado, la apuesta emocional prevalece ante las estrategias conceptuales. Al darle este enfoque recordamos que el lenguaje no representa ninguna barrera en absoluto.<\/p><\/blockquote><\/div><\/div><div class=\"testimonial-container no-image\"><div class=\"testimonial-wrapper\"><div class=\"testimonial-info\"><div class=\"testimonials-details\"><h2>Jos\u00e9 Mario Maza - 2005 <\/h2><span>Director Museo de Arte Moderno \"Carlos M\u00e9rida\" Guatemala<\/span><\/div><\/div><blockquote><p>Bajo la estructurada, exigente y profesional visi\u00f3n de la artista textil costarricense Paulina Ortiz, se presentan nuevos conceptos e ideas que nos asombran por novedosas y al mismo tiempo nos apoderamos de ellas por su pertenencia a nuestra cultura e historia. El arte textil y los \"neotapices\" como los bautiza Paulina, son pues, en este tiempo la muestra propia de una visi\u00f3n contempor\u00e1nea y mundializada.<\/p><\/blockquote><\/div><\/div><div class=\"testimonial-container no-image\"><div class=\"testimonial-wrapper\"><div class=\"testimonial-info\"><div class=\"testimonials-details\"><h2>Pilar Tob\u00f3n<\/h2><span>Presidenta Organizaci\u00f3n Mundial de Mujeres en el Arte Textil, MIami<\/span><\/div><\/div><blockquote><p>La creatividad transmite vida, y la obra de Paulina Ortiz no s\u00f3lo tiene ese poder vital, sino que tambi\u00e9n es due\u00f1a de esa fuerza interior que convierte sus piezas en ritos \u201cquasi cham\u00e1nicos\u201d que nos remiten a nuestro yo m\u00e1s profundo, arquet\u00edpico y antiguo.<\/p><\/blockquote><\/div><\/div><div class=\"testimonial-container no-image\"><div class=\"testimonial-wrapper\"><div class=\"testimonial-info\"><div class=\"testimonials-details\"><h2>Victor Hugo Fern\u00e1ndez 2004<\/h2><span>Escritor y Cr\u00edtico de Arte<\/span><\/div><\/div><blockquote><p>Esa es Paulina Ortiz: le gusta repicar y dar misa... Y qu\u00e9? De verdad que lo hace con voluntad y convicci\u00f3n. Qu\u00e9 ricos son sus espacios de discreta apropiaci\u00f3n crom\u00e1tica, pero intensos en todos aquellos otros valores vern\u00e1culos que demande la propuesta, desde iconograf\u00eda precolombina, cabuya intervenida y provista de intencionalidad, hasta conceptos espacialistas contempor\u00e1neos y, en medio de todo ello, su determinante vocaci\u00f3n a enfrentar estos desaf\u00edos con la preclara intenci\u00f3n de quien sabe que la luz revela siempre el pulso exacto de aquellas combinaciones, combinaciones a su vez que solamente la argumentaci\u00f3n pl\u00e1stica es capaz de articular. <\/p><\/blockquote><\/div><\/div><div class=\"testimonial-container no-image\"><div class=\"testimonial-wrapper\"><div class=\"testimonial-info\"><div class=\"testimonials-details\"><h2>Amalia Chaverri - 2001<\/h2><span>Actual Viceministra de Cultura-Costa Rica<\/span><\/div><\/div><blockquote><p>Paulina Ortiz no ha claudicado en su pasi\u00f3n por el arte textil. Habiendo sido una de las m\u00e1s importantes introductoras y luchadoras por la consolidaci\u00f3n de esta t\u00e9cnica, ahora es una de las m\u00e1s dignas representantes de esta t\u00e9cnica milenaria.\r\n<\/p><\/blockquote><\/div><\/div><div class=\"testimonial-container no-image\"><div class=\"testimonial-wrapper\"><div class=\"testimonial-info\"><div class=\"testimonials-details\"><h2>Elizabeth Barquero - 2001<\/h2><span>Actual Directora del Museo de Arte Costarricense.<\/span><\/div><\/div><blockquote><p>Al recorrer esta exposici\u00f3n, constatamos que sus obras transmiten un sutil mensaje que sensibiliza al espectador con su entorno, expresado mediante un lenguaje simb\u00f3lico producto de la creatividad, la investigaci\u00f3n de t\u00e9cnicas tradicionales remozadas y conjugadas en un estilo personal de sensibilidad minimalista e indiscutible sello femenino.\r\n<\/p><\/blockquote><\/div><\/div><div class=\"testimonial-container no-image\"><div class=\"testimonial-wrapper\"><div class=\"testimonial-info\"><div class=\"testimonials-details\"><h2>Miranda Bruce-Mitford -2001<\/h2><span>Profesora de la Escuela de Estudios Africanos y Orientales De la Universidad de Londres. Ella es tambi\u00e9n curadora del Museo Brit\u00e1nico<\/span><\/div><\/div><blockquote><p>Entrar en contacto con el trabajo de Paulina Ortiz es acceder a un ritual de iniciaci\u00f3n, es la forma de ingreso a la ruptura de normas y convencionalismos en la expresi\u00f3n art\u00edstica, no solo textual sino tambi\u00e9n contextualmente.\r\n<\/p><\/blockquote><\/div><\/div><\/div><\/p>","protected":false},"excerpt":{"rendered":"","protected":false},"author":1,"featured_media":0,"parent":0,"menu_order":0,"comment_status":"closed","ping_status":"closed","template":"template-full-custom.php","meta":{"footnotes":""},"class_list":["post-2567","page","type-page","status-publish","hentry"],"yoast_head":"<!-- This site is optimized with the Yoast SEO plugin v26.2 - https:\/\/yoast.com\/wordpress\/plugins\/seo\/ -->\n<title>Inicio - Paulina Ortiz \/ arte+dise\u00f1o<\/title>\n<meta name=\"robots\" content=\"index, follow, max-snippet:-1, max-image-preview:large, max-video-preview:-1\" \/>\n<link rel=\"canonical\" href=\"http:\/\/paulinaortiz.com\/\" \/>\n<meta property=\"og:locale\" content=\"es_ES\" \/>\n<meta property=\"og:type\" content=\"article\" \/>\n<meta property=\"og:title\" content=\"[:es]Inicio[:en]Home[:] - Paulina Ortiz \/ arte+dise\u00f1o\" \/>\n<meta property=\"og:url\" content=\"http:\/\/paulinaortiz.com\/\" \/>\n<meta property=\"og:site_name\" content=\"Paulina Ortiz \/ arte+dise\u00f1o\" \/>\n<meta property=\"article:modified_time\" content=\"2015-11-18T19:35:45+00:00\" \/>\n<meta property=\"og:image\" content=\"https:\/\/paulinaortiz.com\/wp-content\/uploads\/2015\/07\/p.ortiz_.jpg\" \/>\n\t<meta property=\"og:image:width\" content=\"800\" \/>\n\t<meta property=\"og:image:height\" content=\"600\" \/>\n\t<meta property=\"og:image:type\" content=\"image\/jpeg\" \/>\n<meta name=\"twitter:card\" content=\"summary_large_image\" \/>\n<meta name=\"twitter:label1\" content=\"Tiempo de lectura\" \/>\n\t<meta name=\"twitter:data1\" content=\"2 minutos\" \/>\n<script type=\"application\/ld+json\" class=\"yoast-schema-graph\">{\"@context\":\"https:\/\/schema.org\",\"@graph\":[{\"@type\":\"WebPage\",\"@id\":\"http:\/\/paulinaortiz.com\/\",\"url\":\"http:\/\/paulinaortiz.com\/\",\"name\":\"[:es]Inicio[:en]Home[:] - Paulina Ortiz \/ arte+dise\u00f1o\",\"isPartOf\":{\"@id\":\"https:\/\/paulinaortiz.com\/#website\"},\"datePublished\":\"2014-09-13T20:43:17+00:00\",\"dateModified\":\"2015-11-18T19:35:45+00:00\",\"breadcrumb\":{\"@id\":\"http:\/\/paulinaortiz.com\/#breadcrumb\"},\"inLanguage\":\"es\",\"potentialAction\":[{\"@type\":\"ReadAction\",\"target\":[\"http:\/\/paulinaortiz.com\/\"]}]},{\"@type\":\"BreadcrumbList\",\"@id\":\"http:\/\/paulinaortiz.com\/#breadcrumb\",\"itemListElement\":[{\"@type\":\"ListItem\",\"position\":1,\"name\":\"Home\",\"item\":\"http:\/\/paulinaortiz.com\/\"},{\"@type\":\"ListItem\",\"position\":2,\"name\":\"Home\"}]},{\"@type\":\"WebSite\",\"@id\":\"https:\/\/paulinaortiz.com\/#website\",\"url\":\"https:\/\/paulinaortiz.com\/\",\"name\":\"Paulina Ortiz \/ arte+dise\u00f1o\",\"description\":\"Paulina Ortiz es  una  artista y dise\u00f1adora textil  que ha desarrollado su  trayectoria en Costa Rica.\",\"potentialAction\":[{\"@type\":\"SearchAction\",\"target\":{\"@type\":\"EntryPoint\",\"urlTemplate\":\"https:\/\/paulinaortiz.com\/?s={search_term_string}\"},\"query-input\":{\"@type\":\"PropertyValueSpecification\",\"valueRequired\":true,\"valueName\":\"search_term_string\"}}],\"inLanguage\":\"es\"}]}<\/script>\n<!-- \/ Yoast SEO plugin. -->","yoast_head_json":{"title":"[:es]Inicio[:en]Home[:] - Paulina Ortiz \/ arte+dise\u00f1o","robots":{"index":"index","follow":"follow","max-snippet":"max-snippet:-1","max-image-preview":"max-image-preview:large","max-video-preview":"max-video-preview:-1"},"canonical":"http:\/\/paulinaortiz.com\/","og_locale":"es_ES","og_type":"article","og_title":"[:es]Inicio[:en]Home[:] - Paulina Ortiz \/ arte+dise\u00f1o","og_url":"http:\/\/paulinaortiz.com\/","og_site_name":"Paulina Ortiz \/ arte+dise\u00f1o","article_modified_time":"2015-11-18T19:35:45+00:00","og_image":[{"width":800,"height":600,"url":"https:\/\/paulinaortiz.com\/wp-content\/uploads\/2015\/07\/p.ortiz_.jpg","type":"image\/jpeg"}],"twitter_card":"summary_large_image","twitter_misc":{"Tiempo de lectura":"2 minutos"},"schema":{"@context":"https:\/\/schema.org","@graph":[{"@type":"WebPage","@id":"http:\/\/paulinaortiz.com\/","url":"http:\/\/paulinaortiz.com\/","name":"[:es]Inicio[:en]Home[:] - Paulina Ortiz \/ arte+dise\u00f1o","isPartOf":{"@id":"https:\/\/paulinaortiz.com\/#website"},"datePublished":"2014-09-13T20:43:17+00:00","dateModified":"2015-11-18T19:35:45+00:00","breadcrumb":{"@id":"http:\/\/paulinaortiz.com\/#breadcrumb"},"inLanguage":"es","potentialAction":[{"@type":"ReadAction","target":["http:\/\/paulinaortiz.com\/"]}]},{"@type":"BreadcrumbList","@id":"http:\/\/paulinaortiz.com\/#breadcrumb","itemListElement":[{"@type":"ListItem","position":1,"name":"Home","item":"http:\/\/paulinaortiz.com\/"},{"@type":"ListItem","position":2,"name":"Home"}]},{"@type":"WebSite","@id":"https:\/\/paulinaortiz.com\/#website","url":"https:\/\/paulinaortiz.com\/","name":"Paulina Ortiz \/ arte+dise\u00f1o","description":"Paulina Ortiz es  una  artista y dise\u00f1adora textil  que ha desarrollado su  trayectoria en Costa Rica.","potentialAction":[{"@type":"SearchAction","target":{"@type":"EntryPoint","urlTemplate":"https:\/\/paulinaortiz.com\/?s={search_term_string}"},"query-input":{"@type":"PropertyValueSpecification","valueRequired":true,"valueName":"search_term_string"}}],"inLanguage":"es"}]}},"_links":{"self":[{"href":"https:\/\/paulinaortiz.com\/es\/wp-json\/wp\/v2\/pages\/2567","targetHints":{"allow":["GET"]}}],"collection":[{"href":"https:\/\/paulinaortiz.com\/es\/wp-json\/wp\/v2\/pages"}],"about":[{"href":"https:\/\/paulinaortiz.com\/es\/wp-json\/wp\/v2\/types\/page"}],"author":[{"embeddable":true,"href":"https:\/\/paulinaortiz.com\/es\/wp-json\/wp\/v2\/users\/1"}],"replies":[{"embeddable":true,"href":"https:\/\/paulinaortiz.com\/es\/wp-json\/wp\/v2\/comments?post=2567"}],"version-history":[{"count":1,"href":"https:\/\/paulinaortiz.com\/es\/wp-json\/wp\/v2\/pages\/2567\/revisions"}],"predecessor-version":[{"id":3985,"href":"https:\/\/paulinaortiz.com\/es\/wp-json\/wp\/v2\/pages\/2567\/revisions\/3985"}],"wp:attachment":[{"href":"https:\/\/paulinaortiz.com\/es\/wp-json\/wp\/v2\/media?parent=2567"}],"curies":[{"name":"wp","href":"https:\/\/api.w.org\/{rel}","templated":true}]}}