{"id":2730,"date":"2014-10-21T03:00:59","date_gmt":"2014-10-21T03:00:59","guid":{"rendered":"http:\/\/paulinaortiz.com\/wp\/?page_id=2730"},"modified":"2022-11-08T00:27:51","modified_gmt":"2022-11-08T00:27:51","slug":"biografia","status":"publish","type":"page","link":"http:\/\/paulinaortiz.com\/es\/biografia\/","title":{"rendered":"Biograf\u00eda"},"content":{"rendered":"<p>&nbsp;<\/p>\n<div class=\"cols-wrapper cols-2\">\n<div class=\"col\">\n<h3><img loading=\"lazy\" decoding=\"async\" class=\" size-medium wp-image-2866 alignright\" src=\"http:\/\/paulinaortiz.com\/wp\/wp-content\/uploads\/2014\/10\/Biograf\u00eda-199x300.jpg\" alt=\"SONY DSC\" width=\"199\" height=\"300\" srcset=\"http:\/\/paulinaortiz.com\/wp-content\/uploads\/2014\/10\/Biograf\u00eda-199x300.jpg 199w, http:\/\/paulinaortiz.com\/wp-content\/uploads\/2014\/10\/Biograf\u00eda-680x1024.jpg 680w\" sizes=\"auto, (max-width: 199px) 100vw, 199px\" \/>SU BIOGRAF\u00cdA<\/h3>\n<p class=\"p2\">Paulina Ortiz es\u00a0 una\u00a0 artista y dise\u00f1adora textil\u00a0 que ha desarrollado su\u00a0 trayectoria en Costa Rica,\u00a0 pa\u00eds en el que creci\u00f3.\u00a0 Obtuvo su bachillerato en Bellas Artes con especialidad en textiles \u00a0 del California College of the Arts\u00a0 y\u00a0 es\u00a0 licenciada\u00a0 de la Universidad Nacional de Costa Rica\u00a0 adonde actualmente es\u00a0 profesora de arte y dise\u00f1o textil. \u00a0 Su experiencia profesional incluye el dise\u00f1o, el arte\u00a0 y la consultor\u00eda textil para interioristas,\u00a0 arquitectos y coleccionistas . Ha expuesto y dado conferencias internacionales y su trabajo ha sido publicado\u00a0 en m\u00e1s de 65 revistas y libros internacionales como Textile Forum, Fiberarts y la revista Embroidery. Esta \u00faltima dedic\u00e1ndole su portada.<\/p>\n<p class=\"p3\"><span class=\"s1\">Es fundadora y actualmente la presidenta de la Red Textil Iberoamericana, desde donde ha promovido el conocimiento y el desarrollo de la cultura textil de Am\u00e9rica Latina, Espa\u00f1a y Portugal mediante la creaci\u00f3n de redes de intercambio, la producci\u00f3n de un<span class=\"Apple-converted-space\">\u00a0 <\/span>bolet\u00edn y la organizaci\u00f3n de eventos educativos y gremiales.<span class=\"Apple-converted-space\">\u00a0 <\/span>Como gestora y activista textil<span class=\"Apple-converted-space\">\u00a0 <\/span>ha organizado varias exhibiciones<span class=\"Apple-converted-space\">\u00a0 <\/span>internacionales, entre las que destacan<span class=\"Apple-converted-space\">\u00a0 <\/span>la IV Bienal Internacional de Arte Textil y Dise\u00f1o de la Organizaci\u00f3n Mundial de Arte Textil en el 2006 y el I Encuentro de la <a href=\"http:\/\/redtextilia.org\" target=\"_blank\" rel=\"noopener\">Red Textil Iberoamericana <\/a>2010, ambas<span class=\"Apple-converted-space\">\u00a0 <\/span>en Costa Rica.<\/span><\/p>\n<p class=\"p3\"><span class=\"s1\">Siendo la \u00faltima <a href=\"http:\/\/issuu.com\/costaricantextileart\/docs\/textiles_al_borde\" target=\"_blank\" rel=\"noopener\">Textiles al Borde 2014<\/a> en Costa Rica tambi\u00e9n.\u00a0<\/span><\/p>\n<p class=\"p3\"><span class=\"s1\">En<span class=\"Apple-converted-space\">\u00a0 <\/span>el a\u00f1o 2013, Ortiz fue nombrada por el <\/span><span class=\"s3\">Fiberarts Guild<\/span><span class=\"s1\"> de<span class=\"Apple-converted-space\">\u00a0 <\/span>Pittsburgh, como miembro<span class=\"Apple-converted-space\">\u00a0 <\/span>del Jurado de la 21va bienal <span class=\"Apple-converted-space\">\u00a0<\/span><a href=\"http:\/\/fiberartinternational.org\/exhibition\/\" target=\"_blank\" rel=\"noopener\">Fiberarts International<\/a> 2013.\u00a0<\/span><\/p>\n<p class=\"p4\"><span class=\"s1\">Tambi\u00e9n fue<span class=\"Apple-converted-space\">\u00a0 <\/span>invitada como conferencista<span class=\"Apple-converted-space\">\u00a0 <\/span>con motivo de la celebraci\u00f3n del<span class=\"Apple-converted-space\">\u00a0 <\/span>20vo<span class=\"Apple-converted-space\">\u00a0 <\/span>aniversario de la Red Textil Europea, cuyo Congreso tuvo lugar<span class=\"Apple-converted-space\">\u00a0 <\/span>de forma paralela con la Bienal de Kaunas, Textile&#8217;11.en<span class=\"Apple-converted-space\">\u00a0 <\/span>Lituania en el a\u00f1o 2011.<span class=\"Apple-converted-space\">\u00a0 <\/span>All\u00ed fungi\u00f3 tambi\u00e9n como comisaria y organizadora de<span class=\"Apple-converted-space\">\u00a0 <\/span>una exposici\u00f3n de <a href=\"http:\/\/issuu.com\/costaricantextileart\/docs\/catalog\" target=\"_blank\" rel=\"noopener\">creadores textiles costarricenses<\/a> en el Museo Nacional M.K.Ciurlionis de esa misma ciudad.\u00a0<\/span><\/p>\n<p class=\"p4\"><span class=\"s1\">Como dise\u00f1adora, ha participado en ferias internacionales como Sculpture,<span class=\"Apple-converted-space\">\u00a0 <\/span>Objects and Functional Art, SOFA 2006 y 2007 en New York<span class=\"Apple-converted-space\">\u00a0 <\/span>y en la exhibici\u00f3n y congreso de la<span class=\"Apple-converted-space\">\u00a0 <\/span>II <a href=\"http:\/\/www.bid-dimad.org\/wp-content\/uploads\/BID10-catalogo.pdf\" target=\"_blank\" rel=\"noopener\">Bienal lberoamericana de Dise\u00f1o<span class=\"Apple-converted-space\">\u00a0 <\/span>BID<\/a> 2010 en Madrid, donde uno de sus dise\u00f1os de luminarias<span class=\"Apple-converted-space\">\u00a0 <\/span>fue galardonado por el jurado internacional como uno de los mejores para impulsar el desarrollo.\u00a0<\/span><\/p>\n<p class=\"p5\"><span class=\"s1\">Paralelamente, Paulina Ortiz dise\u00f1a y realiza <span class=\"Apple-converted-space\">\u00a0 <\/span>obras de arte textil, luminarias y accesorios para<span class=\"Apple-converted-space\">\u00a0 <\/span>desarrollos inmobiliarios<span class=\"Apple-converted-space\">\u00a0 <\/span>y hoteleros,<span class=\"Apple-converted-space\">\u00a0 <\/span>entre<span class=\"Apple-converted-space\">\u00a0 <\/span>ellos <span class=\"Apple-converted-space\">\u00a0 <\/span>los<span class=\"Apple-converted-space\">\u00a0 <\/span>hoteles<span class=\"Apple-converted-space\">\u00a0 <\/span>Four Seasons, Marriott, Hilton, El Mangroove, El Silencio,<span class=\"Apple-converted-space\">\u00a0 <\/span>Flor Blanca y el complejo residencial<span class=\"Apple-converted-space\">\u00a0 <\/span>ANTARA. <\/span><\/p>\n<h4>exhibiciones individuales:<\/h4>\n<p>Ha realizado 15 exhibiciones individuales tanto en el \u00e1mbito nacional como internacional desde el a\u00f1o 1983.<\/p>\n<ul>\n<li>La m\u00e1s reciente en el 2011, \u201cPaulina Ortiz\u201d, un recorrido por su obra de arte textil desde el a\u00f1o 1983. Museo Municipal de Cartago.<\/li>\n<li>2008 \u201cTrama del tiempo\u2026, el recorrido de una experiencia neotextil 83 \u2013 08\u201d, Galer\u00eda Sophia Wanamaker, Centro Cultural Costarricense Norteamericano.<\/li>\n<li>2006 \u00danica artista invitada representando a Costa Rica en el festival \u201cMemphis in May\u201d, Biblioteca Central \u00a0 \u00a0 \u00a0 Memphis, Tenesee.<\/li>\n<\/ul>\n<h4>exhibiciones colectivas:<\/h4>\n<p>Ha participado en m\u00e1s de 50 exhibiciones colectivas nacionales como internacionales , entre ellas las m\u00e1s recientes son:<\/p>\n<ul>\n<li>2014 \u2013 2015 <strong>Casi Invisibles: Innovaci\u00f3n-ruptura-transgresi\u00f3n<\/strong>, selecci\u00f3n de obras de 38 artistas de diferentes generaciones que innovaron, transgredieron y rompieron las formas usuales de representar la realidad costarricense; haciendo visibles asuntos culturales, sociales, econ\u00f3micos y pol\u00edticos que hab\u00edan sido invisibilizados hist\u00f3ricamente. A partir del siglo XX hasta la actualidad. Museos del Banco Central de Costa Rica.<\/li>\n<li>2012 \u201cVALOARTE Project\u201d, en su 10mo aniversario VALOARTE hace un homenaje a 10 artistas costarricenses por su sistem\u00e1tico trabajo en el campo de las artes visuales, sus cuestionamientos, planteamientos, procesos y aportes, que las convierten en importantes referentes del arte nacional.<\/li>\n<\/ul>\n<ul>\n<li>En el 2011 \u00a0 \u00a0 \u00a0 como artista invitada en la Bienal de Kaunas, Lituania.<\/li>\n<li>2011 \u201cRebobinar &#8211; interpretar \u2013 adelantar : Memoria m\u00e1gica de Costa Rica\u201d. Galer\u00eda Nacional, Costa Rica. Bienal de Kaunas 2011, Museo Nacional de Lituania, M.K Ciurlonis.<\/li>\n<li>2010 Artista gestora, I Encuentro de la Red Textil Iberoamericana 2010,\u00a0\u00a0 Costa Rica.<\/li>\n<li>II Bienal Iberoamericana de Dise\u00f1o 2010, su dise\u00f1o fue galardonado como uno de los mejores para impulsar el desarrollo, Central de Matadero, Madrid.<\/li>\n<li>2009-2010 \u201cDise\u00f1o Responsable\u201d, dise\u00f1adora invitada, primera exhibici\u00f3n Carbono Neutral, Museo de Arte y Dise\u00f1o Contempor\u00e1neo, \u00a0\u00a0\u00a0Costa Rica<\/li>\n<li>En el 2009 fue artista invitada en \u201cMitolog\u00edas textiles\u201d en el Centro Cultural Borges, exhibici\u00f3n de artistas internacionales invitados con motivo de la V Bienal Internacional de Arte Textil, Organizaci\u00f3n Mundial de Arte Textil, Buenos Aires, Argentina.<\/li>\n<li>Artista invitada en Morphog\u00e9nesis 2009, en el marco de la convocatoria Premio Nacional de Dise\u00f1o organizada por la Universidad Veritas. Museo de Arte y Dise\u00f1o Contempor\u00e1neo. (MADC), Costa Rica.<\/li>\n<li>SOFA, Sculpture, Objects and Functional Art 2006 y 2007. Nueva York, EEUU.<\/li>\n<li>Ha participado en diversas convocatorias internacionales entre ellas la \u201c22va Bienal Internacional de Arte de Sao Paulo\u201d en Brasil, en 1984 y la \u00abTercera Bienal de la Habana\u00bb, Centro Wilfredo Lam en Cuba, en 1989.<\/li>\n<\/ul>\n<\/div>\n<\/div>\n","protected":false},"excerpt":{"rendered":"<p>&nbsp; SU BIOGRAF\u00cdA Paulina Ortiz es\u00a0 una\u00a0 artista y dise\u00f1adora textil\u00a0 que ha desarrollado su\u00a0 trayectoria en Costa Rica,\u00a0 pa\u00eds [&hellip;]<\/p>\n","protected":false},"author":1,"featured_media":0,"parent":0,"menu_order":0,"comment_status":"closed","ping_status":"closed","template":"template-full-custom.php","meta":{"footnotes":""},"class_list":["post-2730","page","type-page","status-publish","hentry"],"yoast_head":"<!-- This site is optimized with the Yoast SEO plugin v26.2 - https:\/\/yoast.com\/wordpress\/plugins\/seo\/ -->\n<title>Biograf\u00eda - Paulina Ortiz \/ arte+dise\u00f1o<\/title>\n<meta name=\"robots\" content=\"index, follow, max-snippet:-1, max-image-preview:large, max-video-preview:-1\" \/>\n<link rel=\"canonical\" href=\"https:\/\/paulinaortiz.com\/biografia\/\" \/>\n<meta property=\"og:locale\" content=\"es_ES\" \/>\n<meta property=\"og:type\" content=\"article\" \/>\n<meta property=\"og:title\" content=\"Biograf\u00eda - Paulina Ortiz \/ arte+dise\u00f1o\" \/>\n<meta property=\"og:description\" content=\"&nbsp; SU BIOGRAF\u00cdA Paulina Ortiz es\u00a0 una\u00a0 artista y dise\u00f1adora textil\u00a0 que ha desarrollado su\u00a0 trayectoria en Costa Rica,\u00a0 pa\u00eds [&hellip;]\" \/>\n<meta property=\"og:url\" content=\"https:\/\/paulinaortiz.com\/biografia\/\" \/>\n<meta property=\"og:site_name\" content=\"Paulina Ortiz \/ arte+dise\u00f1o\" \/>\n<meta property=\"article:modified_time\" content=\"2022-11-08T00:27:51+00:00\" \/>\n<meta property=\"og:image\" content=\"http:\/\/paulinaortiz.com\/wp-content\/uploads\/2015\/07\/p.ortiz_.jpg\" \/>\n\t<meta property=\"og:image:width\" content=\"800\" \/>\n\t<meta property=\"og:image:height\" content=\"600\" \/>\n\t<meta property=\"og:image:type\" content=\"image\/jpeg\" \/>\n<meta name=\"twitter:card\" content=\"summary_large_image\" \/>\n<meta name=\"twitter:label1\" content=\"Tiempo de lectura\" \/>\n\t<meta name=\"twitter:data1\" content=\"7 minutos\" \/>\n<script type=\"application\/ld+json\" class=\"yoast-schema-graph\">{\"@context\":\"https:\/\/schema.org\",\"@graph\":[{\"@type\":\"WebPage\",\"@id\":\"https:\/\/paulinaortiz.com\/biografia\/\",\"url\":\"https:\/\/paulinaortiz.com\/biografia\/\",\"name\":\"Biograf\u00eda - Paulina Ortiz \/ arte+dise\u00f1o\",\"isPartOf\":{\"@id\":\"http:\/\/paulinaortiz.com\/es\/#website\"},\"datePublished\":\"2014-10-21T03:00:59+00:00\",\"dateModified\":\"2022-11-08T00:27:51+00:00\",\"breadcrumb\":{\"@id\":\"https:\/\/paulinaortiz.com\/biografia\/#breadcrumb\"},\"inLanguage\":\"es\",\"potentialAction\":[{\"@type\":\"ReadAction\",\"target\":[\"https:\/\/paulinaortiz.com\/biografia\/\"]}]},{\"@type\":\"BreadcrumbList\",\"@id\":\"https:\/\/paulinaortiz.com\/biografia\/#breadcrumb\",\"itemListElement\":[{\"@type\":\"ListItem\",\"position\":1,\"name\":\"Home\",\"item\":\"http:\/\/paulinaortiz.com\/es\/\"},{\"@type\":\"ListItem\",\"position\":2,\"name\":\"Biograf\u00eda\"}]},{\"@type\":\"WebSite\",\"@id\":\"http:\/\/paulinaortiz.com\/es\/#website\",\"url\":\"http:\/\/paulinaortiz.com\/es\/\",\"name\":\"Paulina Ortiz \/ arte+dise\u00f1o\",\"description\":\"Paulina Ortiz es  una  artista y dise\u00f1adora textil  que ha desarrollado su  trayectoria en Costa Rica.\",\"potentialAction\":[{\"@type\":\"SearchAction\",\"target\":{\"@type\":\"EntryPoint\",\"urlTemplate\":\"http:\/\/paulinaortiz.com\/es\/?s={search_term_string}\"},\"query-input\":{\"@type\":\"PropertyValueSpecification\",\"valueRequired\":true,\"valueName\":\"search_term_string\"}}],\"inLanguage\":\"es\"}]}<\/script>\n<!-- \/ Yoast SEO plugin. -->","yoast_head_json":{"title":"Biograf\u00eda - Paulina Ortiz \/ arte+dise\u00f1o","robots":{"index":"index","follow":"follow","max-snippet":"max-snippet:-1","max-image-preview":"max-image-preview:large","max-video-preview":"max-video-preview:-1"},"canonical":"https:\/\/paulinaortiz.com\/biografia\/","og_locale":"es_ES","og_type":"article","og_title":"Biograf\u00eda - Paulina Ortiz \/ arte+dise\u00f1o","og_description":"&nbsp; SU BIOGRAF\u00cdA Paulina Ortiz es\u00a0 una\u00a0 artista y dise\u00f1adora textil\u00a0 que ha desarrollado su\u00a0 trayectoria en Costa Rica,\u00a0 pa\u00eds [&hellip;]","og_url":"https:\/\/paulinaortiz.com\/biografia\/","og_site_name":"Paulina Ortiz \/ arte+dise\u00f1o","article_modified_time":"2022-11-08T00:27:51+00:00","og_image":[{"width":800,"height":600,"url":"http:\/\/paulinaortiz.com\/wp-content\/uploads\/2015\/07\/p.ortiz_.jpg","type":"image\/jpeg"}],"twitter_card":"summary_large_image","twitter_misc":{"Tiempo de lectura":"7 minutos"},"schema":{"@context":"https:\/\/schema.org","@graph":[{"@type":"WebPage","@id":"https:\/\/paulinaortiz.com\/biografia\/","url":"https:\/\/paulinaortiz.com\/biografia\/","name":"Biograf\u00eda - Paulina Ortiz \/ arte+dise\u00f1o","isPartOf":{"@id":"http:\/\/paulinaortiz.com\/es\/#website"},"datePublished":"2014-10-21T03:00:59+00:00","dateModified":"2022-11-08T00:27:51+00:00","breadcrumb":{"@id":"https:\/\/paulinaortiz.com\/biografia\/#breadcrumb"},"inLanguage":"es","potentialAction":[{"@type":"ReadAction","target":["https:\/\/paulinaortiz.com\/biografia\/"]}]},{"@type":"BreadcrumbList","@id":"https:\/\/paulinaortiz.com\/biografia\/#breadcrumb","itemListElement":[{"@type":"ListItem","position":1,"name":"Home","item":"http:\/\/paulinaortiz.com\/es\/"},{"@type":"ListItem","position":2,"name":"Biograf\u00eda"}]},{"@type":"WebSite","@id":"http:\/\/paulinaortiz.com\/es\/#website","url":"http:\/\/paulinaortiz.com\/es\/","name":"Paulina Ortiz \/ arte+dise\u00f1o","description":"Paulina Ortiz es  una  artista y dise\u00f1adora textil  que ha desarrollado su  trayectoria en Costa Rica.","potentialAction":[{"@type":"SearchAction","target":{"@type":"EntryPoint","urlTemplate":"http:\/\/paulinaortiz.com\/es\/?s={search_term_string}"},"query-input":{"@type":"PropertyValueSpecification","valueRequired":true,"valueName":"search_term_string"}}],"inLanguage":"es"}]}},"_links":{"self":[{"href":"http:\/\/paulinaortiz.com\/es\/wp-json\/wp\/v2\/pages\/2730","targetHints":{"allow":["GET"]}}],"collection":[{"href":"http:\/\/paulinaortiz.com\/es\/wp-json\/wp\/v2\/pages"}],"about":[{"href":"http:\/\/paulinaortiz.com\/es\/wp-json\/wp\/v2\/types\/page"}],"author":[{"embeddable":true,"href":"http:\/\/paulinaortiz.com\/es\/wp-json\/wp\/v2\/users\/1"}],"replies":[{"embeddable":true,"href":"http:\/\/paulinaortiz.com\/es\/wp-json\/wp\/v2\/comments?post=2730"}],"version-history":[{"count":1,"href":"http:\/\/paulinaortiz.com\/es\/wp-json\/wp\/v2\/pages\/2730\/revisions"}],"predecessor-version":[{"id":4017,"href":"http:\/\/paulinaortiz.com\/es\/wp-json\/wp\/v2\/pages\/2730\/revisions\/4017"}],"wp:attachment":[{"href":"http:\/\/paulinaortiz.com\/es\/wp-json\/wp\/v2\/media?parent=2730"}],"curies":[{"name":"wp","href":"https:\/\/api.w.org\/{rel}","templated":true}]}}