{"id":2726,"date":"2014-10-21T03:00:33","date_gmt":"2014-10-21T03:00:33","guid":{"rendered":"http:\/\/paulinaortiz.com\/wp\/?page_id=2726"},"modified":"2022-11-08T00:25:37","modified_gmt":"2022-11-08T00:25:37","slug":"proceso","status":"publish","type":"page","link":"http:\/\/paulinaortiz.com\/es\/proceso\/","title":{"rendered":"Proceso"},"content":{"rendered":"<h3>\u00a0EL PROCESO<\/h3>\n<div class=\"cols-wrapper cols-3\">\n<div class=\"col\">\n<h4>\u00a0taller<\/h4>\n<p>En el Taller Paulina Ortiz \/ arte + dise\u00f1o\u00a0la dise\u00f1adora trabaja de cerca\u00a0 con un equipo de dise\u00f1adoras profesionales que utilizan\u00a0 t\u00e9cnicas y m\u00e9todos creativos y sencillos, con el prop\u00f3sito de que puedan ser ejecutadas f\u00e1cilmente por\u00a0 mujeres,\u00a0 en su mayor\u00eda cabezas de hogar, quienes realizan las labores de mano de obra especializada\u00a0 bajo su direcci\u00f3n contribuyendo\u00a0 con sus ideas y experiencia\u00a0 en las decisiones relacionadas\u00a0 con\u00a0 la producci\u00f3n y el dise\u00f1o de los objetos. Es un proceso\u00a0 intenso, de mucha sinergia y colaboraci\u00f3n mutua a trav\u00e9s del cual se han\u00a0 obtenido buenos resultados.<\/p>\n<\/div>\n<div class=\"col\">\n<h4>\u00a0materiales<\/h4>\n<p>La cabuya se\u00a0\u00a0 procesa desde su estado en crudo. Esta fibra es lavada, peinada , curada contra la polilla, engomada y sellada para ser te\u00f1ida o pintada luego.<\/p>\n<p>La fibra de algod\u00f3n se utiliza en las telas te\u00f1idas y pintadas o triturada para formar el papel hecho a mano. En ambos casos, el algod\u00f3n es neutralizado para garantizar su conservaci\u00f3n a trav\u00e9s de los a\u00f1os.<\/p>\n<p>El ramio se utiliza para hacer detalles como trenzas y amarres y es tratado de manera parecida a la cabuya, excepto que pocas veces se engoma.<\/p>\n<p>La fibra de abac\u00e1 o manila tambi\u00e9n se tritura y neutraliza para ser luego utilizada en la hechura de papel a mano.<\/p>\n<\/div>\n<div class=\"col nomargin\">\n<h4>\u00a0proceso y conservaci\u00f3n<\/h4>\n<p>En la producci\u00f3n de todos los productos realizados en el Taller Paulina Ortiz se utilizan materiales de primera calidad y acabados apropiados a fin de garantizar su correcta conservaci\u00f3n en el tiempo. Las fibras m\u00e1s utilizadas son la cabuya, el algod\u00f3n, el ramio o la fibra de abac\u00e1, todas vegetales.<\/p>\n<p class=\"p1\"><span class=\"s1\">Cuando se considera necesario, todas las fibras son selladas y protegidas con barniz de alta calidad para aislarlas de la humedad y de la suciedad, facilitar su limpieza y asegurar su conservaci\u00f3n. <\/span><\/p>\n<p class=\"p1\"><span class=\"s1\">Cuando se utilizan<span class=\"Apple-converted-space\">\u00a0 <\/span>estructuras met\u00e1licas, \u00e9stas son protegidas con acabados para prevenir la corrosi\u00f3n. <\/span><\/p>\n<p class=\"p1\"><span class=\"s1\">En cada caso particular,<span class=\"Apple-converted-space\">\u00a0 <\/span>se entrega a los<span class=\"Apple-converted-space\">\u00a0 <\/span>clientes las indicaciones pertinentes a su producto para procurar la mejor conservaci\u00f3n de los mismos a trav\u00e9s de los a\u00f1os. <\/span><\/p>\n<\/div>\n<\/div>\n<h3><\/h3>\n","protected":false},"excerpt":{"rendered":"<p>\u00a0EL PROCESO \u00a0taller En el Taller Paulina Ortiz \/ arte + dise\u00f1o\u00a0la dise\u00f1adora trabaja de cerca\u00a0 con un equipo de [&hellip;]<\/p>\n","protected":false},"author":1,"featured_media":0,"parent":0,"menu_order":0,"comment_status":"closed","ping_status":"closed","template":"template-full-custom.php","meta":{"footnotes":""},"class_list":["post-2726","page","type-page","status-publish","hentry"],"yoast_head":"<!-- This site is optimized with the Yoast SEO plugin v26.2 - https:\/\/yoast.com\/wordpress\/plugins\/seo\/ -->\n<title>Proceso - Paulina Ortiz \/ arte+dise\u00f1o<\/title>\n<meta name=\"robots\" content=\"index, follow, max-snippet:-1, max-image-preview:large, max-video-preview:-1\" \/>\n<link rel=\"canonical\" href=\"http:\/\/paulinaortiz.com\/proceso\/\" \/>\n<meta property=\"og:locale\" content=\"es_ES\" \/>\n<meta property=\"og:type\" content=\"article\" \/>\n<meta property=\"og:title\" content=\"Proceso - Paulina Ortiz \/ arte+dise\u00f1o\" \/>\n<meta property=\"og:description\" content=\"\u00a0EL PROCESO \u00a0taller En el Taller Paulina Ortiz \/ arte + dise\u00f1o\u00a0la dise\u00f1adora trabaja de cerca\u00a0 con un equipo de [&hellip;]\" \/>\n<meta property=\"og:url\" content=\"http:\/\/paulinaortiz.com\/proceso\/\" \/>\n<meta property=\"og:site_name\" content=\"Paulina Ortiz \/ arte+dise\u00f1o\" \/>\n<meta property=\"article:modified_time\" content=\"2022-11-08T00:25:37+00:00\" \/>\n<meta property=\"og:image\" content=\"http:\/\/paulinaortiz.com\/wp-content\/uploads\/2015\/07\/p.ortiz_.jpg\" \/>\n\t<meta property=\"og:image:width\" content=\"800\" \/>\n\t<meta property=\"og:image:height\" content=\"600\" \/>\n\t<meta property=\"og:image:type\" content=\"image\/jpeg\" \/>\n<meta name=\"twitter:card\" content=\"summary_large_image\" \/>\n<meta name=\"twitter:label1\" content=\"Tiempo de lectura\" \/>\n\t<meta name=\"twitter:data1\" content=\"3 minutos\" \/>\n<script type=\"application\/ld+json\" class=\"yoast-schema-graph\">{\"@context\":\"https:\/\/schema.org\",\"@graph\":[{\"@type\":\"WebPage\",\"@id\":\"http:\/\/paulinaortiz.com\/proceso\/\",\"url\":\"http:\/\/paulinaortiz.com\/proceso\/\",\"name\":\"Proceso - Paulina Ortiz \/ arte+dise\u00f1o\",\"isPartOf\":{\"@id\":\"http:\/\/paulinaortiz.com\/es\/#website\"},\"datePublished\":\"2014-10-21T03:00:33+00:00\",\"dateModified\":\"2022-11-08T00:25:37+00:00\",\"breadcrumb\":{\"@id\":\"http:\/\/paulinaortiz.com\/proceso\/#breadcrumb\"},\"inLanguage\":\"es\",\"potentialAction\":[{\"@type\":\"ReadAction\",\"target\":[\"http:\/\/paulinaortiz.com\/proceso\/\"]}]},{\"@type\":\"BreadcrumbList\",\"@id\":\"http:\/\/paulinaortiz.com\/proceso\/#breadcrumb\",\"itemListElement\":[{\"@type\":\"ListItem\",\"position\":1,\"name\":\"Home\",\"item\":\"http:\/\/paulinaortiz.com\/es\/\"},{\"@type\":\"ListItem\",\"position\":2,\"name\":\"Proceso\"}]},{\"@type\":\"WebSite\",\"@id\":\"http:\/\/paulinaortiz.com\/es\/#website\",\"url\":\"http:\/\/paulinaortiz.com\/es\/\",\"name\":\"Paulina Ortiz \/ arte+dise\u00f1o\",\"description\":\"Paulina Ortiz es  una  artista y dise\u00f1adora textil  que ha desarrollado su  trayectoria en Costa Rica.\",\"potentialAction\":[{\"@type\":\"SearchAction\",\"target\":{\"@type\":\"EntryPoint\",\"urlTemplate\":\"http:\/\/paulinaortiz.com\/es\/?s={search_term_string}\"},\"query-input\":{\"@type\":\"PropertyValueSpecification\",\"valueRequired\":true,\"valueName\":\"search_term_string\"}}],\"inLanguage\":\"es\"}]}<\/script>\n<!-- \/ Yoast SEO plugin. -->","yoast_head_json":{"title":"Proceso - Paulina Ortiz \/ arte+dise\u00f1o","robots":{"index":"index","follow":"follow","max-snippet":"max-snippet:-1","max-image-preview":"max-image-preview:large","max-video-preview":"max-video-preview:-1"},"canonical":"http:\/\/paulinaortiz.com\/proceso\/","og_locale":"es_ES","og_type":"article","og_title":"Proceso - Paulina Ortiz \/ arte+dise\u00f1o","og_description":"\u00a0EL PROCESO \u00a0taller En el Taller Paulina Ortiz \/ arte + dise\u00f1o\u00a0la dise\u00f1adora trabaja de cerca\u00a0 con un equipo de [&hellip;]","og_url":"http:\/\/paulinaortiz.com\/proceso\/","og_site_name":"Paulina Ortiz \/ arte+dise\u00f1o","article_modified_time":"2022-11-08T00:25:37+00:00","og_image":[{"width":800,"height":600,"url":"http:\/\/paulinaortiz.com\/wp-content\/uploads\/2015\/07\/p.ortiz_.jpg","type":"image\/jpeg"}],"twitter_card":"summary_large_image","twitter_misc":{"Tiempo de lectura":"3 minutos"},"schema":{"@context":"https:\/\/schema.org","@graph":[{"@type":"WebPage","@id":"http:\/\/paulinaortiz.com\/proceso\/","url":"http:\/\/paulinaortiz.com\/proceso\/","name":"Proceso - Paulina Ortiz \/ arte+dise\u00f1o","isPartOf":{"@id":"http:\/\/paulinaortiz.com\/es\/#website"},"datePublished":"2014-10-21T03:00:33+00:00","dateModified":"2022-11-08T00:25:37+00:00","breadcrumb":{"@id":"http:\/\/paulinaortiz.com\/proceso\/#breadcrumb"},"inLanguage":"es","potentialAction":[{"@type":"ReadAction","target":["http:\/\/paulinaortiz.com\/proceso\/"]}]},{"@type":"BreadcrumbList","@id":"http:\/\/paulinaortiz.com\/proceso\/#breadcrumb","itemListElement":[{"@type":"ListItem","position":1,"name":"Home","item":"http:\/\/paulinaortiz.com\/es\/"},{"@type":"ListItem","position":2,"name":"Proceso"}]},{"@type":"WebSite","@id":"http:\/\/paulinaortiz.com\/es\/#website","url":"http:\/\/paulinaortiz.com\/es\/","name":"Paulina Ortiz \/ arte+dise\u00f1o","description":"Paulina Ortiz es  una  artista y dise\u00f1adora textil  que ha desarrollado su  trayectoria en Costa Rica.","potentialAction":[{"@type":"SearchAction","target":{"@type":"EntryPoint","urlTemplate":"http:\/\/paulinaortiz.com\/es\/?s={search_term_string}"},"query-input":{"@type":"PropertyValueSpecification","valueRequired":true,"valueName":"search_term_string"}}],"inLanguage":"es"}]}},"_links":{"self":[{"href":"http:\/\/paulinaortiz.com\/es\/wp-json\/wp\/v2\/pages\/2726","targetHints":{"allow":["GET"]}}],"collection":[{"href":"http:\/\/paulinaortiz.com\/es\/wp-json\/wp\/v2\/pages"}],"about":[{"href":"http:\/\/paulinaortiz.com\/es\/wp-json\/wp\/v2\/types\/page"}],"author":[{"embeddable":true,"href":"http:\/\/paulinaortiz.com\/es\/wp-json\/wp\/v2\/users\/1"}],"replies":[{"embeddable":true,"href":"http:\/\/paulinaortiz.com\/es\/wp-json\/wp\/v2\/comments?post=2726"}],"version-history":[{"count":1,"href":"http:\/\/paulinaortiz.com\/es\/wp-json\/wp\/v2\/pages\/2726\/revisions"}],"predecessor-version":[{"id":4011,"href":"http:\/\/paulinaortiz.com\/es\/wp-json\/wp\/v2\/pages\/2726\/revisions\/4011"}],"wp:attachment":[{"href":"http:\/\/paulinaortiz.com\/es\/wp-json\/wp\/v2\/media?parent=2726"}],"curies":[{"name":"wp","href":"https:\/\/api.w.org\/{rel}","templated":true}]}}